{"id":16,"date":"2019-10-10T19:02:17","date_gmt":"2019-10-10T19:02:17","guid":{"rendered":"http:\/\/waldesruh-badkleinen.de\/?page_id=16"},"modified":"2019-10-10T19:19:32","modified_gmt":"2019-10-10T19:19:32","slug":"willkommen-auf-der-webseite-des-hauses-waldesruh","status":"publish","type":"page","link":"http:\/\/waldesruh-badkleinen.de\/","title":{"rendered":"Willkommen im Haus Waldesruh"},"content":{"rendered":"\n<div class=\"wp-block-image\"><figure class=\"alignright is-resized\"><img loading=\"lazy\" src=\"http:\/\/waldesruh-badkleinen.de\/wp-content\/uploads\/2019\/10\/phoca_thumb_l_hauswaldesruh_skizze.png\" alt=\"\" class=\"wp-image-17\" width=\"305\" height=\"206\" srcset=\"http:\/\/waldesruh-badkleinen.de\/wp-content\/uploads\/2019\/10\/phoca_thumb_l_hauswaldesruh_skizze.png 640w, http:\/\/waldesruh-badkleinen.de\/wp-content\/uploads\/2019\/10\/phoca_thumb_l_hauswaldesruh_skizze-300x203.png 300w\" sizes=\"(max-width: 305px) 100vw, 305px\" \/><\/figure><\/div>\n\n\n\n<p>Am Nordufer des Schweriner Sees (dem viertgr\u00f6\u00dften See\nDeutschlands) liegt die Gemeinde Bad Kleinen.<\/p>\n\n\n\n<p>Die zentrale Lage und die geringen Entfernungen nach Wismar\nim Norden, der Landeshauptstadt Schwerin im S\u00fcden, Rostock im Osten und L\u00fcbeck\nim Westen machen den Ort zu einem Geheimtipp f\u00fcr Urlauber, Radfahrer, Wanderer,\nNaturliebhaber und Angler. Au\u00dferdem bezahlen Sie in Bad Kleinen noch keine\nKurtaxe! Egal ob Sie Ihren Urlaub in Bad Kleinen verbringen wollen, oder nur\neine kurzzeitige Unterkunft suchen. Wir bieten Ihnen in unserem Haus moderne\nEinzelzimmer, Doppelzimmer oder Ferienwohnungen zu fairen Preisen, welche nach\nvorheriger Absprache eventuell auch langfristig gemietet werden k\u00f6nnen.<\/p>\n\n\n\n<p>Das Haus Waldesruh befindet sich in der Waldstra\u00dfe in Bad\nKleinen und diente schon nach der Erbauung um 1914 als Ferien- und G\u00e4stehaus.\nAb dem Jahr 1992 wurde dieses sch\u00f6ne Geb\u00e4ude restauriert und mit modernen\nZimmern f\u00fcr die G\u00e4ste liebevoll ausgestattet.<\/p>\n\n\n\n<p>\n\nWenn\nSie mit dem PKW anreisen, stehen Ihnen ausreichend kostenlose Parkpl\u00e4tze zur\nVerf\u00fcgung. Sollten Sie mit der Bahn nach Bad Kleinen kommen, holen wir Sie\ngerne vom Bahnhof ab.\n\n\n\n<\/p>\n","protected":false},"excerpt":{"rendered":"<p>Am Nordufer des Schweriner Sees (dem viertgr\u00f6\u00dften See Deutschlands) liegt die Gemeinde Bad Kleinen. Die zentrale Lage und die geringen Entfernungen nach Wismar im Norden, der Landeshauptstadt Schwerin im S\u00fcden, Rostock im Osten und L\u00fcbeck im Westen machen den Ort zu einem Geheimtipp f\u00fcr Urlauber, Radfahrer, Wanderer, Naturliebhaber und Angler. Au\u00dferdem bezahlen Sie in Bad Kleinen noch keine Kurtaxe! Egal ob Sie Ihren Urlaub in Bad Kleinen verbringen wollen, oder nur eine kurzzeitige Unterkunft suchen.&hellip; <\/p>\n","protected":false},"author":1,"featured_media":0,"parent":0,"menu_order":1,"comment_status":"closed","ping_status":"closed","template":"","meta":[],"_links":{"self":[{"href":"http:\/\/waldesruh-badkleinen.de\/index.php?rest_route=\/wp\/v2\/pages\/16"}],"collection":[{"href":"http:\/\/waldesruh-badkleinen.de\/index.php?rest_route=\/wp\/v2\/pages"}],"about":[{"href":"http:\/\/waldesruh-badkleinen.de\/index.php?rest_route=\/wp\/v2\/types\/page"}],"author":[{"embeddable":true,"href":"http:\/\/waldesruh-badkleinen.de\/index.php?rest_route=\/wp\/v2\/users\/1"}],"replies":[{"embeddable":true,"href":"http:\/\/waldesruh-badkleinen.de\/index.php?rest_route=%2Fwp%2Fv2%2Fcomments&post=16"}],"version-history":[{"count":5,"href":"http:\/\/waldesruh-badkleinen.de\/index.php?rest_route=\/wp\/v2\/pages\/16\/revisions"}],"predecessor-version":[{"id":29,"href":"http:\/\/waldesruh-badkleinen.de\/index.php?rest_route=\/wp\/v2\/pages\/16\/revisions\/29"}],"wp:attachment":[{"href":"http:\/\/waldesruh-badkleinen.de\/index.php?rest_route=%2Fwp%2Fv2%2Fmedia&parent=16"}],"curies":[{"name":"wp","href":"https:\/\/api.w.org\/{rel}","templated":true}]}}