{"id":34,"date":"2019-11-07T12:58:03","date_gmt":"2019-11-07T12:58:03","guid":{"rendered":"http:\/\/waldesruh-badkleinen.de\/?page_id=34"},"modified":"2020-03-17T14:44:42","modified_gmt":"2020-03-17T14:44:42","slug":"zimmer","status":"publish","type":"page","link":"http:\/\/waldesruh-badkleinen.de\/?page_id=34","title":{"rendered":"Zimmer"},"content":{"rendered":"\n<div class=\"wp-block-image\"><figure class=\"alignright size-large is-resized\"><img loading=\"lazy\" src=\"http:\/\/waldesruh-badkleinen.de\/wp-content\/uploads\/2020\/03\/IMG_20191205_150505-768x1024.jpg\" alt=\"\" class=\"wp-image-88\" width=\"206\" height=\"275\" srcset=\"http:\/\/waldesruh-badkleinen.de\/wp-content\/uploads\/2020\/03\/IMG_20191205_150505-768x1024.jpg 768w, http:\/\/waldesruh-badkleinen.de\/wp-content\/uploads\/2020\/03\/IMG_20191205_150505-225x300.jpg 225w, http:\/\/waldesruh-badkleinen.de\/wp-content\/uploads\/2020\/03\/IMG_20191205_150505-1152x1536.jpg 1152w, http:\/\/waldesruh-badkleinen.de\/wp-content\/uploads\/2020\/03\/IMG_20191205_150505-1536x2048.jpg 1536w, http:\/\/waldesruh-badkleinen.de\/wp-content\/uploads\/2020\/03\/IMG_20191205_150505-scaled.jpg 1920w\" sizes=\"(max-width: 206px) 100vw, 206px\" \/><figcaption>Blick vom Balkon<br><\/figcaption><\/figure><\/div>\n\n\n\n<p>Unsere Zimmer\/Ferienwohnungen sind alle hell,\nfreundlich und stilvoll mit Farb-TV, Radio\/CD-Anlage, sowie einer gem\u00fctlichen Sitzecke\nausgestattet.<\/p>\n\n\n\n<p>In den Ferienwohnungen, welche wir Ihnen mit oder ohne Balkon anbieten k\u00f6nnen, befinden sich in den Badezimmern neben WC und Waschtisch zudem stilvolle Duschen und\/oder Badewannen, die zum Entspannen einladen.<\/p>\n\n\n\n<p>Selbstverst\u00e4ndlich geh\u00f6rt eine Einbauk\u00fcche mit Geschirr, Wasserkocher, Kaffeemaschine, Toaster, Mikrowelle, K\u00fchlschrank mit Gefrierfach und E- Herd zur Standardausstattung, sodass Sie unser Haus zum Speisen nicht verlassen m\u00fcssen. Im Ort erreichen Sie mehrere Superm\u00e4rkte zu Fu\u00df.<\/p>\n\n\n\n<p>Auf Wunsch buchen wir f\u00fcr Sie gerne im ortsans\u00e4ssigem Restaurant ein reichhaltiges kr\u00e4ftigendes und mit viel Liebe zubereitetes Fr\u00fchst\u00fcck, oder sie nutzen das nahe gelegene &#8222;Caf\u00e9 Draegers&#8220;.  So oder so  k\u00f6nnen Sie gest\u00e4rkt und gut gelaunt in den Tag starten! F\u00fcr Gruppen ab 8 Personen kann dieses nach R\u00fccksprache auch direkt bei uns im Hause eingenommen werden.<\/p>\n\n\n\n<p>Sowohl die Zimmer als auch die Ferienwohnungen sind bequem und altersgerecht mit dem Fahrstuhl zu erreichen. WLAN ist selbstverst\u00e4ndlich im Haus verf\u00fcgbar. <\/p>\n\n\n\n<figure class=\"wp-block-gallery columns-3 is-cropped\"><ul class=\"blocks-gallery-grid\"><li class=\"blocks-gallery-item\"><figure><img loading=\"lazy\" width=\"768\" height=\"1024\" src=\"http:\/\/waldesruh-badkleinen.de\/wp-content\/uploads\/2020\/03\/IMG_20191205_153231-1-768x1024.jpg\" alt=\"\" data-id=\"108\" data-full-url=\"http:\/\/waldesruh-badkleinen.de\/wp-content\/uploads\/2020\/03\/IMG_20191205_153231-1-scaled.jpg\" data-link=\"http:\/\/waldesruh-badkleinen.de\/?attachment_id=108\" class=\"wp-image-108\" srcset=\"http:\/\/waldesruh-badkleinen.de\/wp-content\/uploads\/2020\/03\/IMG_20191205_153231-1-768x1024.jpg 768w, http:\/\/waldesruh-badkleinen.de\/wp-content\/uploads\/2020\/03\/IMG_20191205_153231-1-225x300.jpg 225w, http:\/\/waldesruh-badkleinen.de\/wp-content\/uploads\/2020\/03\/IMG_20191205_153231-1-1152x1536.jpg 1152w, http:\/\/waldesruh-badkleinen.de\/wp-content\/uploads\/2020\/03\/IMG_20191205_153231-1-1536x2048.jpg 1536w, http:\/\/waldesruh-badkleinen.de\/wp-content\/uploads\/2020\/03\/IMG_20191205_153231-1-scaled.jpg 1920w\" sizes=\"(max-width: 768px) 100vw, 768px\" \/><\/figure><\/li><li class=\"blocks-gallery-item\"><figure><img loading=\"lazy\" width=\"1024\" height=\"768\" src=\"http:\/\/waldesruh-badkleinen.de\/wp-content\/uploads\/2020\/03\/IMG_20191205_152253-1-1024x768.jpg\" alt=\"\" data-id=\"100\" data-full-url=\"http:\/\/waldesruh-badkleinen.de\/wp-content\/uploads\/2020\/03\/IMG_20191205_152253-1-scaled.jpg\" data-link=\"http:\/\/waldesruh-badkleinen.de\/?attachment_id=100\" class=\"wp-image-100\" srcset=\"http:\/\/waldesruh-badkleinen.de\/wp-content\/uploads\/2020\/03\/IMG_20191205_152253-1-1024x768.jpg 1024w, http:\/\/waldesruh-badkleinen.de\/wp-content\/uploads\/2020\/03\/IMG_20191205_152253-1-300x225.jpg 300w, http:\/\/waldesruh-badkleinen.de\/wp-content\/uploads\/2020\/03\/IMG_20191205_152253-1-768x576.jpg 768w, http:\/\/waldesruh-badkleinen.de\/wp-content\/uploads\/2020\/03\/IMG_20191205_152253-1-1536x1152.jpg 1536w, http:\/\/waldesruh-badkleinen.de\/wp-content\/uploads\/2020\/03\/IMG_20191205_152253-1-2048x1536.jpg 2048w\" sizes=\"(max-width: 1024px) 100vw, 1024px\" \/><\/figure><\/li><li class=\"blocks-gallery-item\"><figure><img loading=\"lazy\" width=\"1024\" height=\"768\" src=\"http:\/\/waldesruh-badkleinen.de\/wp-content\/uploads\/2020\/03\/IMG_20191205_145640-1024x768.jpg\" alt=\"\" data-id=\"85\" data-full-url=\"http:\/\/waldesruh-badkleinen.de\/wp-content\/uploads\/2020\/03\/IMG_20191205_145640-scaled.jpg\" data-link=\"http:\/\/waldesruh-badkleinen.de\/?attachment_id=85\" class=\"wp-image-85\" srcset=\"http:\/\/waldesruh-badkleinen.de\/wp-content\/uploads\/2020\/03\/IMG_20191205_145640-1024x768.jpg 1024w, http:\/\/waldesruh-badkleinen.de\/wp-content\/uploads\/2020\/03\/IMG_20191205_145640-300x225.jpg 300w, http:\/\/waldesruh-badkleinen.de\/wp-content\/uploads\/2020\/03\/IMG_20191205_145640-768x576.jpg 768w, http:\/\/waldesruh-badkleinen.de\/wp-content\/uploads\/2020\/03\/IMG_20191205_145640-1536x1152.jpg 1536w, http:\/\/waldesruh-badkleinen.de\/wp-content\/uploads\/2020\/03\/IMG_20191205_145640-2048x1536.jpg 2048w\" sizes=\"(max-width: 1024px) 100vw, 1024px\" \/><\/figure><\/li><li class=\"blocks-gallery-item\"><figure><img loading=\"lazy\" width=\"1024\" height=\"768\" src=\"http:\/\/waldesruh-badkleinen.de\/wp-content\/uploads\/2020\/03\/IMG_20191205_150221-1024x768.jpg\" alt=\"\" data-id=\"90\" data-full-url=\"http:\/\/waldesruh-badkleinen.de\/wp-content\/uploads\/2020\/03\/IMG_20191205_150221-scaled.jpg\" data-link=\"http:\/\/waldesruh-badkleinen.de\/?attachment_id=90\" class=\"wp-image-90\" srcset=\"http:\/\/waldesruh-badkleinen.de\/wp-content\/uploads\/2020\/03\/IMG_20191205_150221-1024x768.jpg 1024w, http:\/\/waldesruh-badkleinen.de\/wp-content\/uploads\/2020\/03\/IMG_20191205_150221-300x225.jpg 300w, http:\/\/waldesruh-badkleinen.de\/wp-content\/uploads\/2020\/03\/IMG_20191205_150221-768x576.jpg 768w, http:\/\/waldesruh-badkleinen.de\/wp-content\/uploads\/2020\/03\/IMG_20191205_150221-1536x1152.jpg 1536w, http:\/\/waldesruh-badkleinen.de\/wp-content\/uploads\/2020\/03\/IMG_20191205_150221-2048x1536.jpg 2048w\" sizes=\"(max-width: 1024px) 100vw, 1024px\" \/><\/figure><\/li><li class=\"blocks-gallery-item\"><figure><img loading=\"lazy\" width=\"768\" height=\"1024\" src=\"http:\/\/waldesruh-badkleinen.de\/wp-content\/uploads\/2020\/03\/IMG_20191205_145654-768x1024.jpg\" alt=\"\" data-id=\"86\" data-full-url=\"http:\/\/waldesruh-badkleinen.de\/wp-content\/uploads\/2020\/03\/IMG_20191205_145654-scaled.jpg\" data-link=\"http:\/\/waldesruh-badkleinen.de\/?attachment_id=86\" class=\"wp-image-86\" srcset=\"http:\/\/waldesruh-badkleinen.de\/wp-content\/uploads\/2020\/03\/IMG_20191205_145654-768x1024.jpg 768w, http:\/\/waldesruh-badkleinen.de\/wp-content\/uploads\/2020\/03\/IMG_20191205_145654-225x300.jpg 225w, http:\/\/waldesruh-badkleinen.de\/wp-content\/uploads\/2020\/03\/IMG_20191205_145654-1152x1536.jpg 1152w, http:\/\/waldesruh-badkleinen.de\/wp-content\/uploads\/2020\/03\/IMG_20191205_145654-1536x2048.jpg 1536w, http:\/\/waldesruh-badkleinen.de\/wp-content\/uploads\/2020\/03\/IMG_20191205_145654-scaled.jpg 1920w\" sizes=\"(max-width: 768px) 100vw, 768px\" \/><\/figure><\/li><li class=\"blocks-gallery-item\"><figure><img loading=\"lazy\" width=\"768\" height=\"1024\" src=\"http:\/\/waldesruh-badkleinen.de\/wp-content\/uploads\/2020\/03\/IMG_20191205_145858-768x1024.jpg\" alt=\"\" data-id=\"87\" data-full-url=\"http:\/\/waldesruh-badkleinen.de\/wp-content\/uploads\/2020\/03\/IMG_20191205_145858-scaled.jpg\" data-link=\"http:\/\/waldesruh-badkleinen.de\/?attachment_id=87\" class=\"wp-image-87\" srcset=\"http:\/\/waldesruh-badkleinen.de\/wp-content\/uploads\/2020\/03\/IMG_20191205_145858-768x1024.jpg 768w, http:\/\/waldesruh-badkleinen.de\/wp-content\/uploads\/2020\/03\/IMG_20191205_145858-225x300.jpg 225w, http:\/\/waldesruh-badkleinen.de\/wp-content\/uploads\/2020\/03\/IMG_20191205_145858-1152x1536.jpg 1152w, http:\/\/waldesruh-badkleinen.de\/wp-content\/uploads\/2020\/03\/IMG_20191205_145858-1536x2048.jpg 1536w, http:\/\/waldesruh-badkleinen.de\/wp-content\/uploads\/2020\/03\/IMG_20191205_145858-scaled.jpg 1920w\" sizes=\"(max-width: 768px) 100vw, 768px\" \/><\/figure><\/li><li class=\"blocks-gallery-item\"><figure><img loading=\"lazy\" width=\"1024\" height=\"768\" src=\"http:\/\/waldesruh-badkleinen.de\/wp-content\/uploads\/2020\/03\/IMG_20191205_145952-1024x768.jpg\" alt=\"\" data-id=\"89\" data-full-url=\"http:\/\/waldesruh-badkleinen.de\/wp-content\/uploads\/2020\/03\/IMG_20191205_145952-scaled.jpg\" data-link=\"http:\/\/waldesruh-badkleinen.de\/?attachment_id=89\" class=\"wp-image-89\" srcset=\"http:\/\/waldesruh-badkleinen.de\/wp-content\/uploads\/2020\/03\/IMG_20191205_145952-1024x768.jpg 1024w, http:\/\/waldesruh-badkleinen.de\/wp-content\/uploads\/2020\/03\/IMG_20191205_145952-300x225.jpg 300w, http:\/\/waldesruh-badkleinen.de\/wp-content\/uploads\/2020\/03\/IMG_20191205_145952-768x576.jpg 768w, http:\/\/waldesruh-badkleinen.de\/wp-content\/uploads\/2020\/03\/IMG_20191205_145952-1536x1152.jpg 1536w, http:\/\/waldesruh-badkleinen.de\/wp-content\/uploads\/2020\/03\/IMG_20191205_145952-2048x1536.jpg 2048w\" sizes=\"(max-width: 1024px) 100vw, 1024px\" \/><\/figure><\/li><li class=\"blocks-gallery-item\"><figure><img loading=\"lazy\" width=\"1024\" height=\"768\" src=\"http:\/\/waldesruh-badkleinen.de\/wp-content\/uploads\/2020\/03\/IMG_20191205_150550-1024x768.jpg\" alt=\"\" data-id=\"92\" data-full-url=\"http:\/\/waldesruh-badkleinen.de\/wp-content\/uploads\/2020\/03\/IMG_20191205_150550-scaled.jpg\" data-link=\"http:\/\/waldesruh-badkleinen.de\/?attachment_id=92\" class=\"wp-image-92\" srcset=\"http:\/\/waldesruh-badkleinen.de\/wp-content\/uploads\/2020\/03\/IMG_20191205_150550-1024x768.jpg 1024w, http:\/\/waldesruh-badkleinen.de\/wp-content\/uploads\/2020\/03\/IMG_20191205_150550-300x225.jpg 300w, http:\/\/waldesruh-badkleinen.de\/wp-content\/uploads\/2020\/03\/IMG_20191205_150550-768x576.jpg 768w, http:\/\/waldesruh-badkleinen.de\/wp-content\/uploads\/2020\/03\/IMG_20191205_150550-1536x1152.jpg 1536w, http:\/\/waldesruh-badkleinen.de\/wp-content\/uploads\/2020\/03\/IMG_20191205_150550-2048x1536.jpg 2048w\" sizes=\"(max-width: 1024px) 100vw, 1024px\" \/><\/figure><\/li><li class=\"blocks-gallery-item\"><figure><img loading=\"lazy\" width=\"768\" height=\"1024\" src=\"http:\/\/waldesruh-badkleinen.de\/wp-content\/uploads\/2020\/03\/IMG_20191205_150809-768x1024.jpg\" alt=\"\" data-id=\"93\" data-full-url=\"http:\/\/waldesruh-badkleinen.de\/wp-content\/uploads\/2020\/03\/IMG_20191205_150809-scaled.jpg\" data-link=\"http:\/\/waldesruh-badkleinen.de\/?attachment_id=93\" class=\"wp-image-93\" srcset=\"http:\/\/waldesruh-badkleinen.de\/wp-content\/uploads\/2020\/03\/IMG_20191205_150809-768x1024.jpg 768w, http:\/\/waldesruh-badkleinen.de\/wp-content\/uploads\/2020\/03\/IMG_20191205_150809-225x300.jpg 225w, http:\/\/waldesruh-badkleinen.de\/wp-content\/uploads\/2020\/03\/IMG_20191205_150809-1152x1536.jpg 1152w, http:\/\/waldesruh-badkleinen.de\/wp-content\/uploads\/2020\/03\/IMG_20191205_150809-1536x2048.jpg 1536w, http:\/\/waldesruh-badkleinen.de\/wp-content\/uploads\/2020\/03\/IMG_20191205_150809-scaled.jpg 1920w\" sizes=\"(max-width: 768px) 100vw, 768px\" \/><\/figure><\/li><li class=\"blocks-gallery-item\"><figure><img loading=\"lazy\" width=\"1024\" height=\"768\" src=\"http:\/\/waldesruh-badkleinen.de\/wp-content\/uploads\/2020\/03\/IMG_20191205_151010-1024x768.jpg\" alt=\"\" data-id=\"94\" data-full-url=\"http:\/\/waldesruh-badkleinen.de\/wp-content\/uploads\/2020\/03\/IMG_20191205_151010-scaled.jpg\" data-link=\"http:\/\/waldesruh-badkleinen.de\/?attachment_id=94\" class=\"wp-image-94\" srcset=\"http:\/\/waldesruh-badkleinen.de\/wp-content\/uploads\/2020\/03\/IMG_20191205_151010-1024x768.jpg 1024w, http:\/\/waldesruh-badkleinen.de\/wp-content\/uploads\/2020\/03\/IMG_20191205_151010-300x225.jpg 300w, http:\/\/waldesruh-badkleinen.de\/wp-content\/uploads\/2020\/03\/IMG_20191205_151010-768x576.jpg 768w, http:\/\/waldesruh-badkleinen.de\/wp-content\/uploads\/2020\/03\/IMG_20191205_151010-1536x1152.jpg 1536w, http:\/\/waldesruh-badkleinen.de\/wp-content\/uploads\/2020\/03\/IMG_20191205_151010-2048x1536.jpg 2048w\" sizes=\"(max-width: 1024px) 100vw, 1024px\" \/><\/figure><\/li><li class=\"blocks-gallery-item\"><figure><img loading=\"lazy\" width=\"768\" height=\"1024\" src=\"http:\/\/waldesruh-badkleinen.de\/wp-content\/uploads\/2020\/03\/IMG_20191205_151127-768x1024.jpg\" alt=\"\" data-id=\"95\" data-full-url=\"http:\/\/waldesruh-badkleinen.de\/wp-content\/uploads\/2020\/03\/IMG_20191205_151127-scaled.jpg\" data-link=\"http:\/\/waldesruh-badkleinen.de\/?attachment_id=95\" class=\"wp-image-95\" srcset=\"http:\/\/waldesruh-badkleinen.de\/wp-content\/uploads\/2020\/03\/IMG_20191205_151127-768x1024.jpg 768w, http:\/\/waldesruh-badkleinen.de\/wp-content\/uploads\/2020\/03\/IMG_20191205_151127-225x300.jpg 225w, http:\/\/waldesruh-badkleinen.de\/wp-content\/uploads\/2020\/03\/IMG_20191205_151127-1152x1536.jpg 1152w, http:\/\/waldesruh-badkleinen.de\/wp-content\/uploads\/2020\/03\/IMG_20191205_151127-1536x2048.jpg 1536w, http:\/\/waldesruh-badkleinen.de\/wp-content\/uploads\/2020\/03\/IMG_20191205_151127-scaled.jpg 1920w\" sizes=\"(max-width: 768px) 100vw, 768px\" \/><\/figure><\/li><li class=\"blocks-gallery-item\"><figure><img loading=\"lazy\" width=\"768\" height=\"1024\" src=\"http:\/\/waldesruh-badkleinen.de\/wp-content\/uploads\/2020\/03\/IMG_20191205_151232-768x1024.jpg\" alt=\"\" data-id=\"96\" data-full-url=\"http:\/\/waldesruh-badkleinen.de\/wp-content\/uploads\/2020\/03\/IMG_20191205_151232-scaled.jpg\" data-link=\"http:\/\/waldesruh-badkleinen.de\/?attachment_id=96\" class=\"wp-image-96\" srcset=\"http:\/\/waldesruh-badkleinen.de\/wp-content\/uploads\/2020\/03\/IMG_20191205_151232-768x1024.jpg 768w, http:\/\/waldesruh-badkleinen.de\/wp-content\/uploads\/2020\/03\/IMG_20191205_151232-225x300.jpg 225w, http:\/\/waldesruh-badkleinen.de\/wp-content\/uploads\/2020\/03\/IMG_20191205_151232-1152x1536.jpg 1152w, http:\/\/waldesruh-badkleinen.de\/wp-content\/uploads\/2020\/03\/IMG_20191205_151232-1536x2048.jpg 1536w, http:\/\/waldesruh-badkleinen.de\/wp-content\/uploads\/2020\/03\/IMG_20191205_151232-scaled.jpg 1920w\" sizes=\"(max-width: 768px) 100vw, 768px\" \/><\/figure><\/li><li class=\"blocks-gallery-item\"><figure><img loading=\"lazy\" width=\"768\" height=\"1024\" src=\"http:\/\/waldesruh-badkleinen.de\/wp-content\/uploads\/2020\/03\/IMG_20191205_151557-768x1024.jpg\" alt=\"\" data-id=\"98\" data-full-url=\"http:\/\/waldesruh-badkleinen.de\/wp-content\/uploads\/2020\/03\/IMG_20191205_151557-scaled.jpg\" data-link=\"http:\/\/waldesruh-badkleinen.de\/?attachment_id=98\" class=\"wp-image-98\" srcset=\"http:\/\/waldesruh-badkleinen.de\/wp-content\/uploads\/2020\/03\/IMG_20191205_151557-768x1024.jpg 768w, http:\/\/waldesruh-badkleinen.de\/wp-content\/uploads\/2020\/03\/IMG_20191205_151557-225x300.jpg 225w, http:\/\/waldesruh-badkleinen.de\/wp-content\/uploads\/2020\/03\/IMG_20191205_151557-1152x1536.jpg 1152w, http:\/\/waldesruh-badkleinen.de\/wp-content\/uploads\/2020\/03\/IMG_20191205_151557-1536x2048.jpg 1536w, http:\/\/waldesruh-badkleinen.de\/wp-content\/uploads\/2020\/03\/IMG_20191205_151557-scaled.jpg 1920w\" sizes=\"(max-width: 768px) 100vw, 768px\" \/><\/figure><\/li><li class=\"blocks-gallery-item\"><figure><img loading=\"lazy\" width=\"1024\" height=\"768\" src=\"http:\/\/waldesruh-badkleinen.de\/wp-content\/uploads\/2020\/03\/IMG_20191205_151319-1024x768.jpg\" alt=\"\" data-id=\"97\" data-full-url=\"http:\/\/waldesruh-badkleinen.de\/wp-content\/uploads\/2020\/03\/IMG_20191205_151319-scaled.jpg\" data-link=\"http:\/\/waldesruh-badkleinen.de\/?attachment_id=97\" class=\"wp-image-97\" srcset=\"http:\/\/waldesruh-badkleinen.de\/wp-content\/uploads\/2020\/03\/IMG_20191205_151319-1024x768.jpg 1024w, http:\/\/waldesruh-badkleinen.de\/wp-content\/uploads\/2020\/03\/IMG_20191205_151319-300x225.jpg 300w, http:\/\/waldesruh-badkleinen.de\/wp-content\/uploads\/2020\/03\/IMG_20191205_151319-768x576.jpg 768w, http:\/\/waldesruh-badkleinen.de\/wp-content\/uploads\/2020\/03\/IMG_20191205_151319-1536x1152.jpg 1536w, http:\/\/waldesruh-badkleinen.de\/wp-content\/uploads\/2020\/03\/IMG_20191205_151319-2048x1536.jpg 2048w\" sizes=\"(max-width: 1024px) 100vw, 1024px\" \/><\/figure><\/li><li class=\"blocks-gallery-item\"><figure><img loading=\"lazy\" width=\"768\" height=\"1024\" src=\"http:\/\/waldesruh-badkleinen.de\/wp-content\/uploads\/2020\/03\/IMG_20191205_152115-768x1024.jpg\" alt=\"\" data-id=\"99\" data-full-url=\"http:\/\/waldesruh-badkleinen.de\/wp-content\/uploads\/2020\/03\/IMG_20191205_152115-scaled.jpg\" data-link=\"http:\/\/waldesruh-badkleinen.de\/?attachment_id=99\" class=\"wp-image-99\" srcset=\"http:\/\/waldesruh-badkleinen.de\/wp-content\/uploads\/2020\/03\/IMG_20191205_152115-768x1024.jpg 768w, http:\/\/waldesruh-badkleinen.de\/wp-content\/uploads\/2020\/03\/IMG_20191205_152115-225x300.jpg 225w, http:\/\/waldesruh-badkleinen.de\/wp-content\/uploads\/2020\/03\/IMG_20191205_152115-1152x1536.jpg 1152w, http:\/\/waldesruh-badkleinen.de\/wp-content\/uploads\/2020\/03\/IMG_20191205_152115-1536x2048.jpg 1536w, http:\/\/waldesruh-badkleinen.de\/wp-content\/uploads\/2020\/03\/IMG_20191205_152115-scaled.jpg 1920w\" sizes=\"(max-width: 768px) 100vw, 768px\" \/><\/figure><\/li><li class=\"blocks-gallery-item\"><figure><img loading=\"lazy\" width=\"768\" height=\"1024\" src=\"http:\/\/waldesruh-badkleinen.de\/wp-content\/uploads\/2020\/03\/IMG_20191205_152350-1-768x1024.jpg\" alt=\"\" data-id=\"101\" data-full-url=\"http:\/\/waldesruh-badkleinen.de\/wp-content\/uploads\/2020\/03\/IMG_20191205_152350-1-scaled.jpg\" data-link=\"http:\/\/waldesruh-badkleinen.de\/?attachment_id=101\" class=\"wp-image-101\" srcset=\"http:\/\/waldesruh-badkleinen.de\/wp-content\/uploads\/2020\/03\/IMG_20191205_152350-1-768x1024.jpg 768w, http:\/\/waldesruh-badkleinen.de\/wp-content\/uploads\/2020\/03\/IMG_20191205_152350-1-225x300.jpg 225w, http:\/\/waldesruh-badkleinen.de\/wp-content\/uploads\/2020\/03\/IMG_20191205_152350-1-1152x1536.jpg 1152w, http:\/\/waldesruh-badkleinen.de\/wp-content\/uploads\/2020\/03\/IMG_20191205_152350-1-1536x2048.jpg 1536w, http:\/\/waldesruh-badkleinen.de\/wp-content\/uploads\/2020\/03\/IMG_20191205_152350-1-scaled.jpg 1920w\" sizes=\"(max-width: 768px) 100vw, 768px\" \/><\/figure><\/li><li class=\"blocks-gallery-item\"><figure><img loading=\"lazy\" width=\"1024\" height=\"768\" src=\"http:\/\/waldesruh-badkleinen.de\/wp-content\/uploads\/2020\/03\/IMG_20191205_153003-1024x768.jpg\" alt=\"\" data-id=\"106\" data-full-url=\"http:\/\/waldesruh-badkleinen.de\/wp-content\/uploads\/2020\/03\/IMG_20191205_153003-scaled.jpg\" data-link=\"http:\/\/waldesruh-badkleinen.de\/?attachment_id=106\" class=\"wp-image-106\" srcset=\"http:\/\/waldesruh-badkleinen.de\/wp-content\/uploads\/2020\/03\/IMG_20191205_153003-1024x768.jpg 1024w, http:\/\/waldesruh-badkleinen.de\/wp-content\/uploads\/2020\/03\/IMG_20191205_153003-300x225.jpg 300w, http:\/\/waldesruh-badkleinen.de\/wp-content\/uploads\/2020\/03\/IMG_20191205_153003-768x576.jpg 768w, http:\/\/waldesruh-badkleinen.de\/wp-content\/uploads\/2020\/03\/IMG_20191205_153003-1536x1152.jpg 1536w, http:\/\/waldesruh-badkleinen.de\/wp-content\/uploads\/2020\/03\/IMG_20191205_153003-2048x1536.jpg 2048w\" sizes=\"(max-width: 1024px) 100vw, 1024px\" \/><\/figure><\/li><li class=\"blocks-gallery-item\"><figure><img loading=\"lazy\" width=\"1024\" height=\"768\" src=\"http:\/\/waldesruh-badkleinen.de\/wp-content\/uploads\/2020\/03\/IMG_20191205_152641-1024x768.jpg\" alt=\"\" data-id=\"102\" data-full-url=\"http:\/\/waldesruh-badkleinen.de\/wp-content\/uploads\/2020\/03\/IMG_20191205_152641-scaled.jpg\" data-link=\"http:\/\/waldesruh-badkleinen.de\/?attachment_id=102\" class=\"wp-image-102\" srcset=\"http:\/\/waldesruh-badkleinen.de\/wp-content\/uploads\/2020\/03\/IMG_20191205_152641-1024x768.jpg 1024w, http:\/\/waldesruh-badkleinen.de\/wp-content\/uploads\/2020\/03\/IMG_20191205_152641-300x225.jpg 300w, http:\/\/waldesruh-badkleinen.de\/wp-content\/uploads\/2020\/03\/IMG_20191205_152641-768x576.jpg 768w, http:\/\/waldesruh-badkleinen.de\/wp-content\/uploads\/2020\/03\/IMG_20191205_152641-1536x1152.jpg 1536w, http:\/\/waldesruh-badkleinen.de\/wp-content\/uploads\/2020\/03\/IMG_20191205_152641-2048x1536.jpg 2048w\" sizes=\"(max-width: 1024px) 100vw, 1024px\" \/><\/figure><\/li><li class=\"blocks-gallery-item\"><figure><img loading=\"lazy\" width=\"768\" height=\"1024\" src=\"http:\/\/waldesruh-badkleinen.de\/wp-content\/uploads\/2020\/03\/IMG_20191205_152704-768x1024.jpg\" alt=\"\" data-id=\"103\" data-full-url=\"http:\/\/waldesruh-badkleinen.de\/wp-content\/uploads\/2020\/03\/IMG_20191205_152704-scaled.jpg\" data-link=\"http:\/\/waldesruh-badkleinen.de\/?attachment_id=103\" class=\"wp-image-103\" srcset=\"http:\/\/waldesruh-badkleinen.de\/wp-content\/uploads\/2020\/03\/IMG_20191205_152704-768x1024.jpg 768w, http:\/\/waldesruh-badkleinen.de\/wp-content\/uploads\/2020\/03\/IMG_20191205_152704-225x300.jpg 225w, http:\/\/waldesruh-badkleinen.de\/wp-content\/uploads\/2020\/03\/IMG_20191205_152704-1152x1536.jpg 1152w, http:\/\/waldesruh-badkleinen.de\/wp-content\/uploads\/2020\/03\/IMG_20191205_152704-1536x2048.jpg 1536w, http:\/\/waldesruh-badkleinen.de\/wp-content\/uploads\/2020\/03\/IMG_20191205_152704-scaled.jpg 1920w\" sizes=\"(max-width: 768px) 100vw, 768px\" \/><\/figure><\/li><li class=\"blocks-gallery-item\"><figure><img loading=\"lazy\" width=\"768\" height=\"1024\" src=\"http:\/\/waldesruh-badkleinen.de\/wp-content\/uploads\/2020\/03\/IMG_20191205_152752-768x1024.jpg\" alt=\"\" data-id=\"104\" data-full-url=\"http:\/\/waldesruh-badkleinen.de\/wp-content\/uploads\/2020\/03\/IMG_20191205_152752-scaled.jpg\" data-link=\"http:\/\/waldesruh-badkleinen.de\/?attachment_id=104\" class=\"wp-image-104\" srcset=\"http:\/\/waldesruh-badkleinen.de\/wp-content\/uploads\/2020\/03\/IMG_20191205_152752-768x1024.jpg 768w, http:\/\/waldesruh-badkleinen.de\/wp-content\/uploads\/2020\/03\/IMG_20191205_152752-225x300.jpg 225w, http:\/\/waldesruh-badkleinen.de\/wp-content\/uploads\/2020\/03\/IMG_20191205_152752-1152x1536.jpg 1152w, http:\/\/waldesruh-badkleinen.de\/wp-content\/uploads\/2020\/03\/IMG_20191205_152752-1536x2048.jpg 1536w, http:\/\/waldesruh-badkleinen.de\/wp-content\/uploads\/2020\/03\/IMG_20191205_152752-scaled.jpg 1920w\" sizes=\"(max-width: 768px) 100vw, 768px\" \/><\/figure><\/li><li class=\"blocks-gallery-item\"><figure><img loading=\"lazy\" width=\"768\" height=\"1024\" src=\"http:\/\/waldesruh-badkleinen.de\/wp-content\/uploads\/2020\/03\/IMG_20191205_153022-768x1024.jpg\" alt=\"\" data-id=\"107\" data-full-url=\"http:\/\/waldesruh-badkleinen.de\/wp-content\/uploads\/2020\/03\/IMG_20191205_153022-scaled.jpg\" data-link=\"http:\/\/waldesruh-badkleinen.de\/?attachment_id=107\" class=\"wp-image-107\" srcset=\"http:\/\/waldesruh-badkleinen.de\/wp-content\/uploads\/2020\/03\/IMG_20191205_153022-768x1024.jpg 768w, http:\/\/waldesruh-badkleinen.de\/wp-content\/uploads\/2020\/03\/IMG_20191205_153022-225x300.jpg 225w, http:\/\/waldesruh-badkleinen.de\/wp-content\/uploads\/2020\/03\/IMG_20191205_153022-1152x1536.jpg 1152w, http:\/\/waldesruh-badkleinen.de\/wp-content\/uploads\/2020\/03\/IMG_20191205_153022-1536x2048.jpg 1536w, http:\/\/waldesruh-badkleinen.de\/wp-content\/uploads\/2020\/03\/IMG_20191205_153022-scaled.jpg 1920w\" sizes=\"(max-width: 768px) 100vw, 768px\" \/><\/figure><\/li><li class=\"blocks-gallery-item\"><figure><img loading=\"lazy\" width=\"1024\" height=\"768\" src=\"http:\/\/waldesruh-badkleinen.de\/wp-content\/uploads\/2020\/03\/IMG_20191205_152940-1-1024x768.jpg\" alt=\"\" data-id=\"105\" data-full-url=\"http:\/\/waldesruh-badkleinen.de\/wp-content\/uploads\/2020\/03\/IMG_20191205_152940-1-scaled.jpg\" data-link=\"http:\/\/waldesruh-badkleinen.de\/?attachment_id=105\" class=\"wp-image-105\" srcset=\"http:\/\/waldesruh-badkleinen.de\/wp-content\/uploads\/2020\/03\/IMG_20191205_152940-1-1024x768.jpg 1024w, http:\/\/waldesruh-badkleinen.de\/wp-content\/uploads\/2020\/03\/IMG_20191205_152940-1-300x225.jpg 300w, http:\/\/waldesruh-badkleinen.de\/wp-content\/uploads\/2020\/03\/IMG_20191205_152940-1-768x576.jpg 768w, http:\/\/waldesruh-badkleinen.de\/wp-content\/uploads\/2020\/03\/IMG_20191205_152940-1-1536x1152.jpg 1536w, http:\/\/waldesruh-badkleinen.de\/wp-content\/uploads\/2020\/03\/IMG_20191205_152940-1-2048x1536.jpg 2048w\" sizes=\"(max-width: 1024px) 100vw, 1024px\" \/><\/figure><\/li><\/ul><figcaption class=\"blocks-gallery-caption\">&#8230; f\u00fcr den ersten Eindruck<\/figcaption><\/figure>\n","protected":false},"excerpt":{"rendered":"<p>Unsere Zimmer\/Ferienwohnungen sind alle hell, freundlich und stilvoll mit Farb-TV, Radio\/CD-Anlage, sowie einer gem\u00fctlichen Sitzecke ausgestattet. In den Ferienwohnungen, welche wir Ihnen mit oder ohne Balkon anbieten k\u00f6nnen, befinden sich in den Badezimmern neben WC und Waschtisch zudem stilvolle Duschen und\/oder Badewannen, die zum Entspannen einladen. Selbstverst\u00e4ndlich geh\u00f6rt eine Einbauk\u00fcche mit Geschirr, Wasserkocher, Kaffeemaschine, Toaster, Mikrowelle, K\u00fchlschrank mit Gefrierfach und E- Herd zur Standardausstattung, sodass Sie unser Haus zum Speisen nicht verlassen m\u00fcssen. Im Ort&hellip; <\/p>\n","protected":false},"author":1,"featured_media":0,"parent":0,"menu_order":0,"comment_status":"closed","ping_status":"closed","template":"","meta":[],"_links":{"self":[{"href":"http:\/\/waldesruh-badkleinen.de\/index.php?rest_route=\/wp\/v2\/pages\/34"}],"collection":[{"href":"http:\/\/waldesruh-badkleinen.de\/index.php?rest_route=\/wp\/v2\/pages"}],"about":[{"href":"http:\/\/waldesruh-badkleinen.de\/index.php?rest_route=\/wp\/v2\/types\/page"}],"author":[{"embeddable":true,"href":"http:\/\/waldesruh-badkleinen.de\/index.php?rest_route=\/wp\/v2\/users\/1"}],"replies":[{"embeddable":true,"href":"http:\/\/waldesruh-badkleinen.de\/index.php?rest_route=%2Fwp%2Fv2%2Fcomments&post=34"}],"version-history":[{"count":6,"href":"http:\/\/waldesruh-badkleinen.de\/index.php?rest_route=\/wp\/v2\/pages\/34\/revisions"}],"predecessor-version":[{"id":111,"href":"http:\/\/waldesruh-badkleinen.de\/index.php?rest_route=\/wp\/v2\/pages\/34\/revisions\/111"}],"wp:attachment":[{"href":"http:\/\/waldesruh-badkleinen.de\/index.php?rest_route=%2Fwp%2Fv2%2Fmedia&parent=34"}],"curies":[{"name":"wp","href":"https:\/\/api.w.org\/{rel}","templated":true}]}}