{"id":48,"date":"2019-11-07T13:10:21","date_gmt":"2019-11-07T13:10:21","guid":{"rendered":"http:\/\/waldesruh-badkleinen.de\/?page_id=48"},"modified":"2019-11-07T13:32:13","modified_gmt":"2019-11-07T13:32:13","slug":"anreise","status":"publish","type":"page","link":"http:\/\/waldesruh-badkleinen.de\/?page_id=48","title":{"rendered":"Anreise"},"content":{"rendered":"\n<p>Bad Kleinen liegt in der N\u00e4he der Ostseeautobahn A 20 (L\u00fcbeck- Rostock) sowie der A24 und A14. Von Norden aus Richtung Wismar und von S\u00fcden aus Richtung Schwerin ist Bad Kleinen \u00fcber die B 106 schnell zu erreichen.<\/p>\n\n\n\n<p>Im Ort finden Sie die Waldstra\u00dfe gegen\u00fcber dem\nBahnhofsvorplatz. Wenn Sie der Waldstra\u00dfe 300m folgen, sehen Sie auf der rechten\nSeite das Haus Waldesruh.<\/p>\n\n\n        <script type=\"text\/javascript\">\r\n            google.maps.event.addDomListener(window, 'load', function () {\r\n                var map = new google.maps.Map(document.getElementById(\"srm_gmp_embed_1\"), {\r\n                    center: new google.maps.LatLng(53.769746,11.463446),\r\n                    zoom:13,\r\n                    mapTypeId: google.maps.MapTypeId.ROADMAP,\r\n                    scrollwheel: '1'\r\n                });\r\n\r\n                \/\/ To view directions form and data\r\n\t\t\t\t                \/\/=========Direction view end\r\n\r\n                var marker = new google.maps.Marker({\r\n                    position: new google.maps.LatLng(53.769746,11.463446),\r\n                    map: map,\r\n                    animation: google.maps.Animation.DROP,\r\n                    icon: ''\r\n                });\r\n                marker.setMap(map);\r\n\t\t\t\t                var infowindow = new google.maps.InfoWindow({\r\n                    content: \"Haus Waldesruh\"\r\n                });\r\n                infowindow.open(map, marker);\r\n                google.maps.event.addListener(marker, 'click', function () {\r\n                    infowindow.open(map, marker);\r\n                });\r\n\t\t\t\t\r\n            });\r\n\r\n\r\n        <\/script>\r\n\r\n\r\n        <div id=\"srm_gmp_embed_1\"\r\n             style=\"width:100% !important;height:300px  !important;margin:5px 0; \">\r\n\r\n        <\/div>\r\n\t\t\t\t\n\n\n\n<p>Der Bahnhof ist einer der wichtigsten\nEisenbahnknoten in Mecklenburg-Vorpommern. Es kreuzen sich hier die Linien von\nund nach Wismar, Schwerin, Hamburg, Berlin, Rostock und L\u00fcbeck.<\/p>\n\n\n\n<p style=\"text-align:center\"><strong>Wir freuen uns, Sie in unserem Haus zu begr\u00fc\u00dfen <\/strong><br><strong>und w\u00fcnschen Ihnen eine gute Anreise.<\/strong><\/p>\n","protected":false},"excerpt":{"rendered":"<p>Bad Kleinen liegt in der N\u00e4he der Ostseeautobahn A 20 (L\u00fcbeck- Rostock) sowie der A24 und A14. Von Norden aus Richtung Wismar und von S\u00fcden aus Richtung Schwerin ist Bad Kleinen \u00fcber die B 106 schnell zu erreichen. Im Ort finden Sie die Waldstra\u00dfe gegen\u00fcber dem Bahnhofsvorplatz. Wenn Sie der Waldstra\u00dfe 300m folgen, sehen Sie auf der rechten Seite das Haus Waldesruh. Der Bahnhof ist einer der wichtigsten Eisenbahnknoten in Mecklenburg-Vorpommern. Es kreuzen sich hier&hellip; <\/p>\n","protected":false},"author":1,"featured_media":0,"parent":0,"menu_order":0,"comment_status":"closed","ping_status":"closed","template":"","meta":[],"_links":{"self":[{"href":"http:\/\/waldesruh-badkleinen.de\/index.php?rest_route=\/wp\/v2\/pages\/48"}],"collection":[{"href":"http:\/\/waldesruh-badkleinen.de\/index.php?rest_route=\/wp\/v2\/pages"}],"about":[{"href":"http:\/\/waldesruh-badkleinen.de\/index.php?rest_route=\/wp\/v2\/types\/page"}],"author":[{"embeddable":true,"href":"http:\/\/waldesruh-badkleinen.de\/index.php?rest_route=\/wp\/v2\/users\/1"}],"replies":[{"embeddable":true,"href":"http:\/\/waldesruh-badkleinen.de\/index.php?rest_route=%2Fwp%2Fv2%2Fcomments&post=48"}],"version-history":[{"count":5,"href":"http:\/\/waldesruh-badkleinen.de\/index.php?rest_route=\/wp\/v2\/pages\/48\/revisions"}],"predecessor-version":[{"id":54,"href":"http:\/\/waldesruh-badkleinen.de\/index.php?rest_route=\/wp\/v2\/pages\/48\/revisions\/54"}],"wp:attachment":[{"href":"http:\/\/waldesruh-badkleinen.de\/index.php?rest_route=%2Fwp%2Fv2%2Fmedia&parent=48"}],"curies":[{"name":"wp","href":"https:\/\/api.w.org\/{rel}","templated":true}]}}